{"id":9888,"date":"2025-11-23T20:45:11","date_gmt":"2025-11-23T19:45:11","guid":{"rendered":"https:\/\/proxiweb.tn\/new\/?post_type=product&#038;p=9888"},"modified":"2025-11-23T20:45:12","modified_gmt":"2025-11-23T19:45:12","slug":"casino-ohne-lizenz-aus-deutschland-2025-ohne-spielersperre","status":"publish","type":"product","link":"https:\/\/proxiweb.tn\/new\/product\/casino-ohne-lizenz-aus-deutschland-2025-ohne-spielersperre\/","title":{"rendered":"Casino ohne lizenz aus deutschland 2025 ohne spielersperre"},"content":{"rendered":"<\/p>\n<p>Auch wenn Casino ohne Lizenz aus Deutschland  <a href=\"http:\/\/globalbusinessacademy.org\/casino-ohne-lizenz-aus-deutschland-2025-werbung-ohne-ich-bin-aus-deutschland\/\">cool cat no deposit codes free spins<\/a> 2025 ohne Spielersperre keine verpflichtenden Limits oder Selbstausschluss-Funktionen bietet, k\u00f6nnen Spieler selbst aktiv werden:\n<\/p>\n<p>Setzen Sie t\u00e4gliche oder w\u00f6chentliche Budgets.<br \/>\nNutzen Sie Tools wie \u201eSpielzeit-Tracker\u00a0\u00bb oder \u201eGewinnverlust-\u00dcberwachung\u00a0\u00bb.<br \/>\nSchlie\u00dfen Sie sich selbst aus, wenn Sie merken, dass das Spielen \u00fcberhandnimmt.\n<\/p>\n<p>Einige illegale Plattformen bieten zwar keine automatischen Sperren \u2013 aber viele bieten auch keine Tools zur Selbstkontrolle. Daher ist Selbstverantwortung der Schl\u00fcssel. Informieren Sie sich \u00fcber Spielsucht-Ressourcen wie die Bundeszentrale f\u00fcr gesundheitliche Aufkl\u00e4rung (BZgA) oder die Hilfetelefonnummer 0800 137 2700.\n<\/p>\n<p>\ud83d\udcb0 Bonusangebote: H\u00f6here Boni \u2013 aber mit Risiko\n<\/p>\n<p>Ein gro\u00dfer Anziehungspunkt f\u00fcr Spieler ist das Angebot von h\u00f6heren Bonussummen bei Casino ohne Lizenz aus Deutschland 2025 ohne Spielersperre. W\u00e4hrend lizenzierte Anbieter oft 100\u2013200 % Bonus auf die erste Einzahlung anbieten, k\u00f6nnen illegale Plattformen bis zu 300 % oder sogar \u201e100 Freispiele ohne Einzahlung\u00a0\u00bb versprechen.\n<\/p>\n<p>Doch: H\u00f6here Boni = h\u00f6here Wettanforderungen. Oft m\u00fcssen Sie den Bonus 50- bis 100-mal umsetzen, bevor Sie auszahlen k\u00f6nnen. Und bei vielen illegalen Anbietern sind die Umsatzbedingungen unklar oder manipuliert. Zudem: Wenn Sie den Bonus nicht erf\u00fcllen, wird er gestrichen \u2013 und Sie verlieren Ihr Geld.\n<\/p>\n<p>\ud83c\udfaf Tipp: Vergleichen Sie die Wettanforderungen (Playthrough), die Maximalgewinne und die Spiele, die zur Umsatzbedingung z\u00e4hlen \u2013 oft sind nur Slots mit niedriger Volatilit\u00e4t erlaubt.\n<\/p>\n<p>\ud83c\udfb0 Beliebte Casinospiele &#038; die Welt der Online-Slots\n<\/p>\n<p>Egal ob lizenziert oder nicht: Die Beliebtheit von Online-Slots bleibt ungebrochen. Bei Casino ohne Lizenz aus Deutschland 2025 ohne Spielersperre dominieren oft Titel wie:\n<\/p>\n<p>Book of Dead (Egyptian-Thema, 5 Walzen, 10 Gewinnlinien)<br \/>\nGonzo\u2019s Quest (mit dynamischem Avalanche-System)<br \/>\nStarburst (klassischer 5-Walzen-Slot mit Wilds und Freispielen)<br \/>\nMega Moolah (progressiver Jackpot-Slot mit \u00fcber 10 Millionen Euro Gewinn)\n<\/p>\n<p>\ud83d\udd2c Slot-Funktionen im Detail:<br \/>\nWilds &#038; Scatters: Ersetzen andere Symbole oder aktivieren Freispiele.<br \/>\nFreispiele: Meist mit Bonus-Features wie Multiplikatoren oder \u201eFree Spin Re-Trigger\u00a0\u00bb.<br \/>\nVolatilit\u00e4t:<br \/>\n&#8211; Niedrig: H\u00e4ufige, kleine Gewinne (z. <a href=\"https:\/\/catspinsslot.de\">cool cat no deposit codes free spins<\/a> \u202fB. \u201eTwin Spin\u00a0\u00bb)<br \/>\n&#8211; Mittel: Ausgeglichene Gewinnchancen (z.\u202fB. \u201eGates of Olympus\u00a0\u00bb)<br \/>\n  &#8211; Hoch: Selten, aber gro\u00dfe Gewinne (z.\u202fB. \u201eDead or Alive 2&Prime;)\n<\/p>\n<p>\u26a0\ufe0f Achtung: Bei illegalen Plattformen ist die RNG-Pr\u00fcfung nicht nachweisbar. Das bedeutet: Die Gewinnchancen k\u00f6nnten manipuliert sein.\n<\/p>\n<p>\ud83d\udcf1 Mobile Nutzung: Spielen auf dem Smartphone \u2013 auch ohne Lizenz\n<\/p>\n<p>Die mobile Nutzung von Casino ohne Lizenz aus Deutschland 2025 ohne Spielersperre ist besonders beliebt. Viele Anbieter bieten HTML5-Slots und App-\u00e4hnliche Webseiten, die direkt im Browser laufen \u2013 ohne Download. Die Performance ist oft fl\u00fcssiger als bei lizenzierten Anbietern, da die Server in L\u00e4ndern wie Curacao, Malta oder den USA liegen.\n<\/p>\n<p>Doch:<br \/>\nKeine offizielle App-Store-Verifizierung<br \/>\nKeine Sicherheitspr\u00fcfung durch Google Play oder Apple App Store<br \/>\nRisiko von Malware oder Phishing-Seiten<\/p>\n","protected":false},"excerpt":{"rendered":"<p>Auch wenn Casino ohne Lizenz aus Deutschland cool cat no deposit codes free spins 2025 ohne Spielersperre keine verpflichtenden Limits oder Selbstausschluss-Funktionen bietet, k\u00f6nnen Spieler selbst aktiv werden: Setzen Sie t\u00e4gliche oder w\u00f6chentliche Budgets. Nutzen Sie Tools wie \u201eSpielzeit-Tracker\u00a0\u00bb oder \u201eGewinnverlust-\u00dcberwachung\u00a0\u00bb. Schlie\u00dfen Sie sich&#8230;<\/p>\n","protected":false},"featured_media":0,"comment_status":"closed","ping_status":"closed","template":"","meta":[],"product_cat":[15],"product_tag":[],"class_list":{"0":"post-9888","1":"product","2":"type-product","3":"status-publish","5":"product_cat-uncategorized","7":"first","8":"instock","9":"shipping-taxable","10":"product-type-simple"},"_links":{"self":[{"href":"https:\/\/proxiweb.tn\/new\/wp-json\/wp\/v2\/product\/9888","targetHints":{"allow":["GET"]}}],"collection":[{"href":"https:\/\/proxiweb.tn\/new\/wp-json\/wp\/v2\/product"}],"about":[{"href":"https:\/\/proxiweb.tn\/new\/wp-json\/wp\/v2\/types\/product"}],"replies":[{"embeddable":true,"href":"https:\/\/proxiweb.tn\/new\/wp-json\/wp\/v2\/comments?post=9888"}],"wp:attachment":[{"href":"https:\/\/proxiweb.tn\/new\/wp-json\/wp\/v2\/media?parent=9888"}],"wp:term":[{"taxonomy":"product_cat","embeddable":true,"href":"https:\/\/proxiweb.tn\/new\/wp-json\/wp\/v2\/product_cat?post=9888"},{"taxonomy":"product_tag","embeddable":true,"href":"https:\/\/proxiweb.tn\/new\/wp-json\/wp\/v2\/product_tag?post=9888"}],"curies":[{"name":"wp","href":"https:\/\/api.w.org\/{rel}","templated":true}]}}